{"id":37,"date":"2024-03-03T14:13:53","date_gmt":"2024-03-03T11:13:53","guid":{"rendered":"https:\/\/safirdemo.com\/atolye\/ekibimiz\/"},"modified":"2024-03-26T09:17:05","modified_gmt":"2024-03-26T06:17:05","slug":"ekibimiz","status":"publish","type":"page","link":"https:\/\/www.ciglielektrikci.com\/index.php\/ekibimiz\/","title":{"rendered":"Ekibimiz"},"content":{"rendered":"\n<p>Bu sayfada &#8220;Ekip&#8221; sayfa \u015fablonu ile olu\u015fturulmu\u015f bir galeri g\u00f6rmektesiniz. Bir sayfa i\u00e7inde bunun gibi birden \u00e7ok galeri olu\u015fturabilir veya farkl\u0131 i\u00e7erikler de ekleyebilirsiniz.<\/p>\n\n\n\n<figure class=\"wp-block-gallery has-nested-images columns-default is-cropped wp-block-gallery-1 is-layout-flex wp-block-gallery-is-layout-flex\">\n<figure class=\"wp-block-image size-large\"><img loading=\"lazy\" decoding=\"async\" width=\"900\" height=\"900\" data-id=\"110\" src=\"https:\/\/www.ciglielektrikci.com\/wp-content\/uploads\/2024\/03\/crew1-1.jpg\" alt=\"\" class=\"wp-image-110\" srcset=\"https:\/\/www.ciglielektrikci.com\/wp-content\/uploads\/2024\/03\/crew1-1.jpg 900w, https:\/\/www.ciglielektrikci.com\/wp-content\/uploads\/2024\/03\/crew1-1-300x300.jpg 300w, https:\/\/www.ciglielektrikci.com\/wp-content\/uploads\/2024\/03\/crew1-1-150x150.jpg 150w, https:\/\/www.ciglielektrikci.com\/wp-content\/uploads\/2024\/03\/crew1-1-768x768.jpg 768w\" sizes=\"auto, (max-width: 900px) 100vw, 900px\" \/><\/figure>\n\n\n\n<figure class=\"wp-block-image size-large\"><img loading=\"lazy\" decoding=\"async\" width=\"619\" height=\"619\" data-id=\"111\" src=\"https:\/\/www.ciglielektrikci.com\/wp-content\/uploads\/2024\/03\/crew2-1.jpg\" alt=\"\" class=\"wp-image-111\" srcset=\"https:\/\/www.ciglielektrikci.com\/wp-content\/uploads\/2024\/03\/crew2-1.jpg 619w, https:\/\/www.ciglielektrikci.com\/wp-content\/uploads\/2024\/03\/crew2-1-300x300.jpg 300w, https:\/\/www.ciglielektrikci.com\/wp-content\/uploads\/2024\/03\/crew2-1-150x150.jpg 150w\" sizes=\"auto, (max-width: 619px) 100vw, 619px\" \/><\/figure>\n\n\n\n<figure class=\"wp-block-image size-large\"><img loading=\"lazy\" decoding=\"async\" width=\"619\" height=\"619\" data-id=\"118\" src=\"https:\/\/www.ciglielektrikci.com\/wp-content\/uploads\/2024\/03\/crew7-1.jpg\" alt=\"\" class=\"wp-image-118\" srcset=\"https:\/\/www.ciglielektrikci.com\/wp-content\/uploads\/2024\/03\/crew7-1.jpg 619w, https:\/\/www.ciglielektrikci.com\/wp-content\/uploads\/2024\/03\/crew7-1-300x300.jpg 300w, https:\/\/www.ciglielektrikci.com\/wp-content\/uploads\/2024\/03\/crew7-1-150x150.jpg 150w\" sizes=\"auto, (max-width: 619px) 100vw, 619px\" \/><\/figure>\n\n\n\n<figure class=\"wp-block-image size-large\"><img loading=\"lazy\" decoding=\"async\" width=\"900\" height=\"900\" data-id=\"115\" src=\"https:\/\/www.ciglielektrikci.com\/wp-content\/uploads\/2024\/03\/crew6-1.jpg\" alt=\"\" class=\"wp-image-115\" srcset=\"https:\/\/www.ciglielektrikci.com\/wp-content\/uploads\/2024\/03\/crew6-1.jpg 900w, https:\/\/www.ciglielektrikci.com\/wp-content\/uploads\/2024\/03\/crew6-1-300x300.jpg 300w, https:\/\/www.ciglielektrikci.com\/wp-content\/uploads\/2024\/03\/crew6-1-150x150.jpg 150w, https:\/\/www.ciglielektrikci.com\/wp-content\/uploads\/2024\/03\/crew6-1-768x768.jpg 768w\" sizes=\"auto, (max-width: 900px) 100vw, 900px\" \/><\/figure>\n\n\n\n<figure class=\"wp-block-image size-large\"><img loading=\"lazy\" decoding=\"async\" width=\"619\" height=\"619\" data-id=\"114\" src=\"https:\/\/www.ciglielektrikci.com\/wp-content\/uploads\/2024\/03\/crew5-1.jpg\" alt=\"\" class=\"wp-image-114\" srcset=\"https:\/\/www.ciglielektrikci.com\/wp-content\/uploads\/2024\/03\/crew5-1.jpg 619w, https:\/\/www.ciglielektrikci.com\/wp-content\/uploads\/2024\/03\/crew5-1-300x300.jpg 300w, https:\/\/www.ciglielektrikci.com\/wp-content\/uploads\/2024\/03\/crew5-1-150x150.jpg 150w\" sizes=\"auto, (max-width: 619px) 100vw, 619px\" \/><\/figure>\n\n\n\n<figure class=\"wp-block-image size-large\"><img loading=\"lazy\" decoding=\"async\" width=\"900\" height=\"900\" data-id=\"113\" src=\"https:\/\/www.ciglielektrikci.com\/wp-content\/uploads\/2024\/03\/crew4-1.jpg\" alt=\"\" class=\"wp-image-113\" srcset=\"https:\/\/www.ciglielektrikci.com\/wp-content\/uploads\/2024\/03\/crew4-1.jpg 900w, https:\/\/www.ciglielektrikci.com\/wp-content\/uploads\/2024\/03\/crew4-1-300x300.jpg 300w, https:\/\/www.ciglielektrikci.com\/wp-content\/uploads\/2024\/03\/crew4-1-150x150.jpg 150w, https:\/\/www.ciglielektrikci.com\/wp-content\/uploads\/2024\/03\/crew4-1-768x768.jpg 768w\" sizes=\"auto, (max-width: 900px) 100vw, 900px\" \/><\/figure>\n\n\n\n<figure class=\"wp-block-image size-large\"><img loading=\"lazy\" decoding=\"async\" width=\"619\" height=\"619\" data-id=\"112\" src=\"https:\/\/www.ciglielektrikci.com\/wp-content\/uploads\/2024\/03\/crew3-1.jpg\" alt=\"\" class=\"wp-image-112\" srcset=\"https:\/\/www.ciglielektrikci.com\/wp-content\/uploads\/2024\/03\/crew3-1.jpg 619w, https:\/\/www.ciglielektrikci.com\/wp-content\/uploads\/2024\/03\/crew3-1-300x300.jpg 300w, https:\/\/www.ciglielektrikci.com\/wp-content\/uploads\/2024\/03\/crew3-1-150x150.jpg 150w\" sizes=\"auto, (max-width: 619px) 100vw, 619px\" \/><\/figure>\n\n\n\n<figure class=\"wp-block-image size-large\"><img loading=\"lazy\" decoding=\"async\" width=\"619\" height=\"619\" data-id=\"119\" src=\"https:\/\/www.ciglielektrikci.com\/wp-content\/uploads\/2024\/03\/crew8-1.jpg\" alt=\"\" class=\"wp-image-119\" srcset=\"https:\/\/www.ciglielektrikci.com\/wp-content\/uploads\/2024\/03\/crew8-1.jpg 619w, https:\/\/www.ciglielektrikci.com\/wp-content\/uploads\/2024\/03\/crew8-1-300x300.jpg 300w, https:\/\/www.ciglielektrikci.com\/wp-content\/uploads\/2024\/03\/crew8-1-150x150.jpg 150w\" sizes=\"auto, (max-width: 619px) 100vw, 619px\" \/><\/figure>\n\n\n\n<figure class=\"wp-block-image size-large\"><img loading=\"lazy\" decoding=\"async\" width=\"619\" height=\"619\" data-id=\"120\" src=\"https:\/\/www.ciglielektrikci.com\/wp-content\/uploads\/2024\/03\/crew9-1.jpg\" alt=\"\" class=\"wp-image-120\" srcset=\"https:\/\/www.ciglielektrikci.com\/wp-content\/uploads\/2024\/03\/crew9-1.jpg 619w, https:\/\/www.ciglielektrikci.com\/wp-content\/uploads\/2024\/03\/crew9-1-300x300.jpg 300w, https:\/\/www.ciglielektrikci.com\/wp-content\/uploads\/2024\/03\/crew9-1-150x150.jpg 150w\" sizes=\"auto, (max-width: 619px) 100vw, 619px\" \/><\/figure>\n<\/figure>\n","protected":false},"excerpt":{"rendered":"<p>Bu sayfada &#8220;Ekip&#8221; sayfa \u015fablonu ile olu\u015fturulmu\u015f bir galeri g\u00f6rmektesiniz. Bir sayfa i\u00e7inde bunun gibi birden \u00e7ok galeri olu\u015fturabilir veya farkl\u0131 i\u00e7erikler de ekleyebilirsiniz.<\/p>\n","protected":false},"author":1,"featured_media":0,"parent":0,"menu_order":0,"comment_status":"closed","ping_status":"closed","template":"pages\/page-crew.php","meta":{"footnotes":""},"class_list":["post-37","page","type-page","status-publish","hentry"],"_links":{"self":[{"href":"https:\/\/www.ciglielektrikci.com\/index.php\/wp-json\/wp\/v2\/pages\/37","targetHints":{"allow":["GET"]}}],"collection":[{"href":"https:\/\/www.ciglielektrikci.com\/index.php\/wp-json\/wp\/v2\/pages"}],"about":[{"href":"https:\/\/www.ciglielektrikci.com\/index.php\/wp-json\/wp\/v2\/types\/page"}],"author":[{"embeddable":true,"href":"https:\/\/www.ciglielektrikci.com\/index.php\/wp-json\/wp\/v2\/users\/1"}],"replies":[{"embeddable":true,"href":"https:\/\/www.ciglielektrikci.com\/index.php\/wp-json\/wp\/v2\/comments?post=37"}],"version-history":[{"count":1,"href":"https:\/\/www.ciglielektrikci.com\/index.php\/wp-json\/wp\/v2\/pages\/37\/revisions"}],"predecessor-version":[{"id":634,"href":"https:\/\/www.ciglielektrikci.com\/index.php\/wp-json\/wp\/v2\/pages\/37\/revisions\/634"}],"wp:attachment":[{"href":"https:\/\/www.ciglielektrikci.com\/index.php\/wp-json\/wp\/v2\/media?parent=37"}],"curies":[{"name":"wp","href":"https:\/\/api.w.org\/{rel}","templated":true}]}}